{"id":71,"date":"2019-09-09T13:22:35","date_gmt":"2019-09-09T10:22:35","guid":{"rendered":"https:\/\/themes.muffingroup.com\/be\/spa4\/?page_id=2"},"modified":"2026-01-16T20:08:06","modified_gmt":"2026-01-16T17:08:06","slug":"sample-page-2","status":"publish","type":"page","link":"https:\/\/futuretech-eg.com\/","title":{"rendered":"Home"},"content":{"rendered":"<div style=\"overflow:hidden;height:1px;\"><a href=\"https:\/\/valorjogo.com\/en\/\">valorbet<\/a><\/div>\n<div style=\"overflow:hidden;height:1px;\"><a href=\"https:\/\/valor-ec.com\/\">valor casino Ecuador<\/a><\/div>\n<div style=\"overflow:hidden;height:1px;\"><a href=\"https:\/\/valorcassino.com\/\">valor bet<\/a><\/div>\n<div style=\"overflow:hidden;height:1px;\"><a href=\"https:\/\/1xbet-uzb.com\/\">1xbet<\/a><\/div>\n<div style=\"overflow:hidden;height:1px;\"><a href=\"https:\/\/1xbetbonuslar.com\/\">1 xbet<\/a><\/div>\n\n\n<div style=\"position:absolute; right:-100000px\"> \n\n<h2>Pin Up pul \u00e7\u0131xarma sisteml\u0259ri AZ-da<\/h2>\n\n<p>withdrawal prosesi \u00fcsulu <a href=\"https:\/\/pin-up-casino.biz\/\">pin-up bahis giri\u015f<\/a> platformas\u0131nda sad\u0259 v\u0259 ani qaydada yerin\u0259 yetirilir \u0130lk d\u0259f\u0259 qeydiyyatdan ke\u00e7\u0259n qeydiyyatl\u0131lar \u0259ld\u0259 ed\u0259 bil\u0259rl\u0259r qar\u015f\u0131lama m\u00fckafat\u0131, eyni zamanda i\u015fl\u0259yir fasil\u0259siz bonuslar.<\/p>\n\n<\/div>\n\n<div style=\"overflow:hidden;height:1px;\"><a href=\"https:\/\/valorbet-casino.in\/\">valor bet app<\/a><\/div>\n<div style=\"overflow:hidden;height:1px;\"><a href=\"https:\/\/avabetcasinoar.com\/\">Avabet<\/a><\/div>\n<div style=\"overflow:hidden;height:1px;\"><a href=\"https:\/\/valorbet.gb.net\/\">valor casino<\/a><\/div>\n<div style=\"overflow:hidden;height:1px;\"><a href=\"https:\/\/valorbet-casino.net\/\">valor bet casino<\/a><\/div><div style=\"position: absolute; left: -9966px;\"><p>Om man vill spela med nya betalningar tittar m\u00e5nga p\u00e5 <a href=\"https:\/\/eggsinc.se\/\">utl\u00e4ndska casino utan bonus utan ins\u00e4ttningskrav<\/a> f\u00f6r att minska friktion vid ins\u00e4ttning och uttag. Bes\u00f6k l\u00e4nken och l\u00e4s mer innan du best\u00e4mmer dig.<\/p><\/div>\n<div style=\"overflow:hidden;height:1px;\"><a href=\"https:\/\/valorperu.com\/en\/mobile-app-en\/\">valorbet<\/a><\/div>\n<div style=\"overflow:hidden;height:1px;\"><a href=\"https:\/\/vox-kasynopl.pl\/\">vox casino polska<\/a><\/div>\n<div style=\"overflow:hidden;height:1px;\"><a href=\"https:\/\/vastlearners.com\/\">vox casino polska<\/a><\/div>\n<div style=\"overflow:hidden;height:1px;\"><a href=\"https:\/\/npsoft.org\/\">Mostbet De<\/a><\/div>\n<div style=\"overflow:hidden;height:1px;\"><a href=\"https:\/\/mostbets-deutschland.com\/\">Mostbet De<\/a><\/div>\n<div style=\"overflow:hidden;height:1px;\"><a href=\"https:\/\/fritzdorfer.de\/\">Dollycasino<\/a><\/div>\n<div style=\"overflow:hidden;height:1px;\"><a href=\"https:\/\/boomergirl.com\/\">vox casino pl<\/a><\/div>\n<div style=\"overflow:hidden;height:1px;\"><a href=\"https:\/\/iwild-kasinos.de\/\">iWild Casino<\/a><\/div>\n<div style=\"overflow:hidden;height:1px;\"><a href=\"https:\/\/iwild-kasino.com\/en\/\">iWild Casino<\/a><\/div>\n<div style=\"overflow:hidden;height:1px;\"><a href=\"http:\/\/quickwin-de.com\/\">QuickWin Deutschland<\/a><\/div>\n<div style=\"overflow:hidden;height:1px;\"><a href=\"http:\/\/irwin-casinode.com\/\">irwin casino Deutschland<\/a><\/div>\n<div style=\"overflow:hidden;height:1px;\"><a href=\"https:\/\/wildsinocasino-fr.com\/\">wildsino france<\/a><\/div>\n<div style=\"overflow:hidden;height:1px;\"><a href=\"https:\/\/trueluck-app.com\/\">trueluck<\/a><\/div>\n<div style=\"overflow:hidden;height:1px;\"><a href=\"https:\/\/spinriselogin.com\/\">Spinrise app<\/a><\/div>\n<div style=\"overflow:hidden;height:1px;\"><a href=\"https:\/\/spinrise-at.net\/\">Spinrise<\/a><\/div>\n<div style=\"overflow:hidden;height:1px;\"><a href=\"https:\/\/spinrise-si.net\/\">Spinrise<\/a><\/div>\n<div style=\"overflow:hidden;height:1px;\"><a href=\"https:\/\/pole-clinic.ru\/\">1xbet<\/a><\/div>\n<div style=\"overflow:hidden;height:1px;\"><a href=\"https:\/\/crowngreencanada.org\/\">Crown Green Casino Canada<\/a><\/div>\n<div style=\"overflow:hidden;height:1px;\"><a href=\"https:\/\/casino-crowngreen.org\">Crown green<\/a><\/div>\n<div style=\"overflow:hidden;height:1px;\"><a href=\"https:\/\/herospin-portugal.com\/\">hero spin<\/a><\/div>\n<div style=\"overflow:hidden;height:1px;\"><a href=\"https:\/\/winorio-bonus.net\/\">winorio<\/a><\/div>\n<div style=\"overflow:hidden;height:1px;\"><a href=\"https:\/\/herospinaustralia.com\/\">herospin casino<\/a><\/div>\n<div style=\"overflow:hidden;height:1px;\"><a href=\"https:\/\/herospin-el.com\/\">herospin<\/a><\/div>\n<div style=\"overflow:hidden;height:1px;\"><a href=\"https:\/\/herospinitalia.com\/it\/\">herospin casino<\/a><\/div>\n<div style=\"overflow:hidden;height:1px;\"><a href=\"https:\/\/herospin-casino-pt.com\/\">herospin<\/a><\/div>\n<div style=\"overflow:hidden;height:1px;\"><a href=\"https:\/\/crowngreenslots.com\/fr\/\">CrownGreen Casino<\/a><\/div>\n<div style=\"overflow:hidden;height:1px;\"><a href=\"https:\/\/crowngreen-official.net\/\">Crown Green Casino Canada<\/a><\/div>\n<div style=\"overflow:hidden;height:1px;\"><a href=\"https:\/\/crown-green-casino-ca.net\/fr\/\">CrownGreen Casino Canada<\/a><\/div>\n<div style=\"overflow:hidden;height:1px;\"><a href=\"https:\/\/baby-moloko.ru\/\">\u043c\u0435\u043b\u0431\u0435\u0442<\/a><\/div>\n<div style=\"overflow:hidden;height:1px;\"><a href=\"https:\/\/vostok-kredit24.kz\/\">\u043b\u043e\u0444\u0442\u043f\u0430\u0440\u043a<\/a><\/div>\n<div style=\"overflow:hidden;height:1px;\"><a href=\"https:\/\/moonwin-ca.net\/\">moonwin<\/a><\/div>\n<div style=\"overflow:hidden;height:1px;\"><a href=\"https:\/\/jeet-city-ca.com\/\">jeetcity<\/a><\/div>\n<div style=\"overflow:hidden;height:1px;\"><a href=\"https:\/\/biz-on.ru\/\">1xbet \u0437\u0435\u0440\u043a\u0430\u043b\u043e<\/a><\/div>\n<div style=\"overflow:hidden;height:1px;\"><a href=\"https:\/\/melbetloginbangladesh.com\/\">melbet site<\/a><\/div>\n<div style=\"overflow:hidden;height:1px;\"><a href=\"https:\/\/rxchallenge.ru\/\">1xbet \u0441\u043a\u0430\u0447\u0430\u0442\u044c<\/a><\/div>\n<div style=\"overflow:hidden;height:1px;\"><a href=\"http:\/\/guidexpert.ru\/\">1\u0445\u0431\u0435\u0442 \u043e\u0444\u0438\u0446\u0438\u0430\u043b\u044c\u043d\u044b\u0439 \u0441\u0430\u0439\u0442<\/a><\/div>\n<div style=\"overflow:hidden;height:1px;\"><a href=\"https:\/\/spinrisecasino.net\/\">SpinRise Deutschland<\/a><\/div>\n<div style=\"overflow:hidden;height:1px;\"><a href=\"http:\/\/rusalsnab.ru\/\">1xbet \u043a\u0430\u0437\u0438\u043d\u043e<\/a><\/div>\n<div style=\"overflow:hidden;height:1px;\"><a href=\"https:\/\/spinrise-ch.net\/\">Spinrise casino<\/a><\/div>\n<div style=\"overflow:hidden;height:1px;\"><a href=\"https:\/\/spinrise-si.com\/sl\/\">Spinrise Slovenija<\/a><\/div>\n<div style=\"overflow:hidden;height:1px;\"><a href=\"https:\/\/spinrisecasino-at.com\/\">SpinRise<\/a><\/div>\n<div style=\"overflow:hidden;height:1px;\"><a href=\"https:\/\/spinrise-casinoau.com\/\">spinrise casino<\/a><\/div>\n<div style=\"overflow:hidden;height:1px;\"><a href=\"https:\/\/spinrisede.com\/\">Spinrise App-Download<\/a><\/div>\n<div style=\"overflow:hidden;height:1px;\"><a href=\"https:\/\/spinrise-ca.net\/\">Spin Rise<\/a><\/div>\n<div style=\"overflow:hidden;height:1px;\"><a href=\"https:\/\/casino-spinrise-au.com\/\">Spinrise<\/a><\/div>\n<div style=\"overflow:hidden;height:1px;\"><a href=\"https:\/\/spinrisecasino-at.org\/\">SpinRise<\/a><\/div>","protected":false},"excerpt":{"rendered":"<p>valorbet valor casino Ecuador valor bet 1xbet 1 xbet Pin Up pul \u00e7\u0131xarma sisteml\u0259ri AZ-da withdrawal prosesi \u00fcsulu pin-up bahis giri\u015f platformas\u0131nda sad\u0259 v\u0259 ani qaydada<span class=\"excerpt-hellip\"> [\u2026]<\/span><\/p>\n","protected":false},"author":5,"featured_media":0,"parent":0,"menu_order":0,"comment_status":"closed","ping_status":"closed","template":"","meta":[],"_links":{"self":[{"href":"https:\/\/futuretech-eg.com\/index.php?rest_route=\/wp\/v2\/pages\/71"}],"collection":[{"href":"https:\/\/futuretech-eg.com\/index.php?rest_route=\/wp\/v2\/pages"}],"about":[{"href":"https:\/\/futuretech-eg.com\/index.php?rest_route=\/wp\/v2\/types\/page"}],"author":[{"embeddable":true,"href":"https:\/\/futuretech-eg.com\/index.php?rest_route=\/wp\/v2\/users\/5"}],"replies":[{"embeddable":true,"href":"https:\/\/futuretech-eg.com\/index.php?rest_route=%2Fwp%2Fv2%2Fcomments&post=71"}],"version-history":[{"count":58,"href":"https:\/\/futuretech-eg.com\/index.php?rest_route=\/wp\/v2\/pages\/71\/revisions"}],"predecessor-version":[{"id":1271,"href":"https:\/\/futuretech-eg.com\/index.php?rest_route=\/wp\/v2\/pages\/71\/revisions\/1271"}],"wp:attachment":[{"href":"https:\/\/futuretech-eg.com\/index.php?rest_route=%2Fwp%2Fv2%2Fmedia&parent=71"}],"curies":[{"name":"wp","href":"https:\/\/api.w.org\/{rel}","templated":true}]}}